{"id":1984,"date":"2021-08-23T19:39:50","date_gmt":"2021-08-23T19:39:50","guid":{"rendered":"http:\/\/www.hagok.be\/?page_id=1984"},"modified":"2025-11-01T19:31:43","modified_gmt":"2025-11-01T19:31:43","slug":"werking-2","status":"publish","type":"page","link":"https:\/\/www.hagok.be\/?page_id=1984","title":{"rendered":"Met dank aan de vrijwilligers"},"content":{"rendered":"\n<figure class=\"wp-block-image size-large\"><img loading=\"lazy\" decoding=\"async\" width=\"1024\" height=\"347\" src=\"https:\/\/www.hagok.be\/wp-content\/uploads\/2024\/03\/2024HAGOKVrijwilligersdrink3012024-1024x347.jpg\" alt=\"\" class=\"wp-image-4602\" srcset=\"https:\/\/www.hagok.be\/wp-content\/uploads\/2024\/03\/2024HAGOKVrijwilligersdrink3012024-1024x347.jpg 1024w, https:\/\/www.hagok.be\/wp-content\/uploads\/2024\/03\/2024HAGOKVrijwilligersdrink3012024-300x102.jpg 300w, https:\/\/www.hagok.be\/wp-content\/uploads\/2024\/03\/2024HAGOKVrijwilligersdrink3012024-768x260.jpg 768w, https:\/\/www.hagok.be\/wp-content\/uploads\/2024\/03\/2024HAGOKVrijwilligersdrink3012024-1536x521.jpg 1536w, https:\/\/www.hagok.be\/wp-content\/uploads\/2024\/03\/2024HAGOKVrijwilligersdrink3012024-2048x694.jpg 2048w\" sizes=\"auto, (max-width: 1024px) 100vw, 1024px\" \/><figcaption class=\"wp-element-caption\">HAGOK &#8211; vrijwilligersdrink 30.1.2024: 50 van de bijna honderd vrijwilligers<\/figcaption><\/figure>\n\n\n\n<p>De werking van HAGOK wordt volledig gedragen door vrijwilligers. Zij zijn onze basis. De teller tikt aan tot 91 mensen die zich in 2024 actief voor HAGOK hebben ingezet, nog meer dan vorig jaar! Dat is ongezien en we danken hen daarvoor.&nbsp;&nbsp;<\/p>\n\n\n\n<p>We zetten onze huidige ploeg even op een rij:1 Behets Paul, Bernar Victor, Bijnens Luk, Bollaerts Luc, Bonne Arnold, Briers Ronny, Buls Peter, Buls Wilfried, Caes Griet, Caes Ward, Casteels Vera, Casteels Roger, Ceulemans Luc, Claes Filip, Clarysse Geertrui, Cleynhens Jan, Cornelis Bert, De Jaegher Peter, De Kay Jan, Delaur\u00e9 Frans, De Smedt Paul, De Wachter Els, De Wachter Griet, De Wachter Ingrid, De Wachter Leo, De Wolf Johan,\u00a0 Geens Arie, Geens Peter, Gijbels Danny, Gordts Jan, Hendrix Philippe, Kennis Jos, L&#8217;enfant Omer, Leysen Danny, Lissens Gerrit, Machtelinck Myriam, Michiels Jos, Minnen Bart, Moelants Lieven, Olbrechts Richard, Peeters Jan, Persoons Eric, Poelmans Luk, Retsin Dominique, Schoovaerts Els, Schoovaerts Philippe, Somers Guido , Stas Hilde, Van Aerschot Andr\u00e9, Van Bruystegem Fran\u00e7ois, Van den Eynde Marcel, Van der Beken Tim, Van der Elst Jan, Van\u00a0 der Elst Jeroen,\u00a0 Van der Jeught Fran\u00e7ois, Van der Vorst Anke, Vander Merken Peter, Van Dyck Julia, Van Dyck Jos, Van Eldere Dirk, Van Huyck Christel, Van den Wouwer Jan, Van Lani Stefan, Vandenberghe No\u00ebl, Vandecauter Arlette, Vandesande Jo, Vangeel Luc, Van Haute Nick, Van Herck Kris, Van Peer Philip, Van Pee Johan, Vens Freddy, Verdonck Ren\u00e9, Vleugels Ludo, Vranckx Jo, Vroom Marnix, Wets Rik, Wynants Griet en Wils Bart.\u00a0<\/p>\n\n\n\n<p>Sinds begin 2024 kwamen daar nog een veertiental vrijwillige medewerkers bij: Berten Merle, De Cock Luc, De Coninck Roger, Gotink Kilian, Hellinckx Daan, Nulens Gillis, Odeyn Jan, Ogez Ellen, Rademakers Edwin, Van Peteghem Jan, Van Vlasselaer Lucie, Van Zon Marleen, Vanmontfort Bart en Verbruggen Herman, Winderickx Gillis.&nbsp;<\/p>\n\n\n\n<p>De taken waarmee de HAGOK-vrijwilligers&nbsp; aan de slag gaan, situeren zich op vijf grote domeinen. Het HAGOK-documentatiecentum met 3 suppoosten, 2 publicatiebeheerders en een bibliothecaris;&nbsp; het tijdschrift <em>HOGT<\/em> (33 auteurs in de afgelopen drie jaar), met 7 redacteurs, 5 vormgevers en 25 ronddragers; de evenementenploeg met 3 programma-makers-projectleiders en 40 projectassistenten; de administratie met 4 verslaggevers, 1 financieel beheerder en 1 secretaris; de communicatieploeg met 2 copywriters, 2 vormgevers en 3 media specialisten.&nbsp;<\/p>\n\n\n\n<p>Onze vrijwilligers zijn veel of wat minder vaak actief, elk op hun eigen tempo, telkens op die domeinen die hen het meest boeien, soms individueel en soms in groep. Er was \u00e9\u00e9n activiteit in 2024 waarbij op \u00e9\u00e9n dag 13 HAGOK-vrijwilligers actief waren. Op 30 januari 2024 organiseerde HAGOK een vrijwilligersontmoeting\u00a0 in ons documentatiecentrum. met een 50-tal effectief aanwezigen. Ze ontvingen een klein bedankingsgeschenk.<\/p>\n\n\n\n<p>HAGOK kijkt vooruit. We nodigen je uit om onze vrijwilligersploeg te vervoegen. Op eender welk domein ben je welkom, de keuze is aan jou.\u00a0 We zorgen voor de gepaste omkadering. Als je meer informatie wil contacteer: Ward Caes: 0476\/053624, ward.caes@telenet.be.\u00a0<\/p>\n","protected":false},"excerpt":{"rendered":"<p>De werking van HAGOK wordt volledig gedragen door vrijwilligers. Zij zijn onze basis. De teller tikt aan tot 91 mensen die zich in 2024 actief&hellip;<\/p>\n","protected":false},"author":1,"featured_media":0,"parent":0,"menu_order":0,"comment_status":"closed","ping_status":"closed","template":"","meta":{"_relevanssi_hide_post":"","_relevanssi_hide_content":"","_relevanssi_pin_for_all":"","_relevanssi_pin_keywords":"","_relevanssi_unpin_keywords":"","_relevanssi_related_keywords":"","_relevanssi_related_include_ids":"","_relevanssi_related_exclude_ids":"","_relevanssi_related_no_append":"","_relevanssi_related_not_related":"","_relevanssi_related_posts":"4130,2423,4397,4141,4212,4144","_relevanssi_noindex_reason":"","footnotes":""},"class_list":["post-1984","page","type-page","status-publish","hentry"],"_links":{"self":[{"href":"https:\/\/www.hagok.be\/index.php?rest_route=\/wp\/v2\/pages\/1984","targetHints":{"allow":["GET"]}}],"collection":[{"href":"https:\/\/www.hagok.be\/index.php?rest_route=\/wp\/v2\/pages"}],"about":[{"href":"https:\/\/www.hagok.be\/index.php?rest_route=\/wp\/v2\/types\/page"}],"author":[{"embeddable":true,"href":"https:\/\/www.hagok.be\/index.php?rest_route=\/wp\/v2\/users\/1"}],"replies":[{"embeddable":true,"href":"https:\/\/www.hagok.be\/index.php?rest_route=%2Fwp%2Fv2%2Fcomments&post=1984"}],"version-history":[{"count":9,"href":"https:\/\/www.hagok.be\/index.php?rest_route=\/wp\/v2\/pages\/1984\/revisions"}],"predecessor-version":[{"id":5323,"href":"https:\/\/www.hagok.be\/index.php?rest_route=\/wp\/v2\/pages\/1984\/revisions\/5323"}],"wp:attachment":[{"href":"https:\/\/www.hagok.be\/index.php?rest_route=%2Fwp%2Fv2%2Fmedia&parent=1984"}],"curies":[{"name":"wp","href":"https:\/\/api.w.org\/{rel}","templated":true}]}}